{"id":14,"date":"2012-02-10T15:25:50","date_gmt":"2012-02-10T15:25:50","guid":{"rendered":"http:\/\/oird.redd.fun\/beta\/?page_id=14"},"modified":"2021-09-05T12:26:11","modified_gmt":"2021-09-05T12:26:11","slug":"oird-org","status":"publish","type":"page","link":"http:\/\/oird.org\/oird\/oird-org\/","title":{"rendered":"OIRD \u25cf IOSD"},"content":{"rendered":"<p>L\u2019<strong>OIRD<\/strong> (<strong>Organisation Internationale pour la R\u00e9ussite et le D\u00e9veloppement<\/strong>) est une organisation pluraliste d\u2019action pour le d\u00e9veloppement de dynamiques destin\u00e9es \u00e0 la jeunesse. Ses missions s\u2019inscrivent dans un mouvement global d\u2019\u00e9changes \u00e9ducatifs et culturels. L\u2019engagement de l\u2019organisation consiste \u00e0 offrir \u00e0 tous les jeunes, les clefs leur permettant d\u2019ouvrir les portes pour un avenir meilleur. Elle d\u00e9veloppe des programmes d\u2019avant-garde orient\u00e9s vers la d\u00e9couverte, le d\u00e9veloppement durable et l\u2019\u00e9change aux niveaux local et mondial. Les actions et les projets de l\u2019<strong>OIRD<\/strong> se font en toute ind\u00e9pendance et neutralit\u00e9 en respectant les diff\u00e9rences et les libert\u00e9s de chacun. L\u2019organisation d\u00e9veloppe plusieurs p\u00f4les op\u00e9rationnels destin\u00e9s \u00e0 motiver et booster les jeunes. Elle veille \u00e0 leur donner confiance en leurs potentiels en leur offrant l\u2019impulsion n\u00e9cessaire \u00e0 toute dynamique de r\u00e9ussite. Les actions de l\u2019<strong>OIRD<\/strong> leur offrent (de) l\u2019espoir et l\u2019assurance n\u00e9cessaires pour qu\u2019ils puissent exprimer le meilleur d\u2019eux-m\u00eames. L\u2019organisation veille surtout aussi \u00e0 mieux les informer pour leurs projets, leurs aspirations et leur orientation dans les \u00e9tudes et dans la vie professionnelle. L\u2019<strong>OIRD<\/strong> soutient les initiatives citoyennes et culturelles de la jeunesse et veille \u00e0 promouvoir leurs talents en leur offrant une visibilit\u00e9 maximale aupr\u00e8s du public et des institutions. La force de l\u2019organisation r\u00e9side dans la ma\u00eetrise d\u2019outils de lutte contre l\u2019exclusion sociale avec une coordination assur\u00e9e par une \u00e9quipe dynamique, experte et plurielle. Chaque p\u00f4le d\u2019action est coordonn\u00e9 par des collaborateurs en phase avec les r\u00e9alit\u00e9s actuelles et qui poss\u00e8dent une exp\u00e9rience en mati\u00e8re d\u2019aide \u00e0 la jeunesse et de lutte contre l\u2019\u00e9chec. L\u2019organisation dispose de moyens d\u2019action directe sur le terrain et de la confiance de nombreuses directions scolaire, de services d\u2019aide \u00e0 la jeunesse ainsi que de plusieurs organismes partenaires au niveau institutionnel. L\u2019<strong>OIRD<\/strong> travaille aussi avec les ONG phares reconnues pour leurs actions \u00e9ducatives et de d\u00e9veloppement. L\u2019esprit <strong>OIRD<\/strong> consiste \u00e0 g\u00e9n\u00e9rer toutes les synergies possibles entre la jeunesse et la vie sociale, active et professionnelle. Elle \u0153uvre \u00e0 susciter des vocations et surtout \u00e0 d\u00e9velopper avec les jeunes des dynamiques concr\u00e8tes et actives pour un avenir meilleur.<\/p>\n","protected":false},"excerpt":{"rendered":"<p>L\u2019OIRD (Organisation Internationale pour la R\u00e9ussite et le D\u00e9veloppement) est une organisation pluraliste d\u2019action pour le d\u00e9veloppement de dynamiques destin\u00e9es \u00e0 la jeunesse. Ses missions s\u2019inscrivent dans un mouvement global d\u2019\u00e9changes \u00e9ducatifs et culturels. L\u2019engagement de l\u2019organisation consiste \u00e0 offrir &hellip;<\/p>\n","protected":false},"author":3,"featured_media":0,"parent":0,"menu_order":0,"comment_status":"open","ping_status":"open","template":"","meta":{"footnotes":"","_links_to":"","_links_to_target":""},"class_list":["post-14","page","type-page","status-publish","hentry"],"_links":{"self":[{"href":"http:\/\/oird.org\/oird\/wp-json\/wp\/v2\/pages\/14","targetHints":{"allow":["GET"]}}],"collection":[{"href":"http:\/\/oird.org\/oird\/wp-json\/wp\/v2\/pages"}],"about":[{"href":"http:\/\/oird.org\/oird\/wp-json\/wp\/v2\/types\/page"}],"author":[{"embeddable":true,"href":"http:\/\/oird.org\/oird\/wp-json\/wp\/v2\/users\/3"}],"replies":[{"embeddable":true,"href":"http:\/\/oird.org\/oird\/wp-json\/wp\/v2\/comments?post=14"}],"version-history":[{"count":2,"href":"http:\/\/oird.org\/oird\/wp-json\/wp\/v2\/pages\/14\/revisions"}],"predecessor-version":[{"id":8387,"href":"http:\/\/oird.org\/oird\/wp-json\/wp\/v2\/pages\/14\/revisions\/8387"}],"wp:attachment":[{"href":"http:\/\/oird.org\/oird\/wp-json\/wp\/v2\/media?parent=14"}],"curies":[{"name":"wp","href":"https:\/\/api.w.org\/{rel}","templated":true}]}}