{"id":30,"date":"2012-02-10T16:48:33","date_gmt":"2012-02-10T16:48:33","guid":{"rendered":"http:\/\/oird.redd.fun\/beta\/?page_id=30"},"modified":"2023-10-31T13:41:40","modified_gmt":"2023-10-31T13:41:40","slug":"une-etoile-un-destin","status":"publish","type":"page","link":"https:\/\/oird.org\/oird\/poles\/une-etoile-un-destin\/","title":{"rendered":"une \u00e9toile un DESTIN"},"content":{"rendered":"<p style=\"text-align: center;\"><img loading=\"lazy\" decoding=\"async\" class=\"size-full wp-image-3115 aligncenter\" title=\"une-etoile-un-destin\" src=\"http:\/\/oird.redd.fun\/wp-content\/uploads\/2012\/02\/une-etoile-un-destin.jpg\" alt=\"\" width=\"900\" height=\"200\" srcset=\"https:\/\/oird.org\/oird\/wp-content\/uploads\/2012\/02\/une-etoile-un-destin.jpg 900w, https:\/\/oird.org\/oird\/wp-content\/uploads\/2012\/02\/une-etoile-un-destin-300x66.jpg 300w, https:\/\/oird.org\/oird\/wp-content\/uploads\/2012\/02\/une-etoile-un-destin-500x111.jpg 500w\" sizes=\"auto, (max-width: 900px) 100vw, 900px\" \/><\/p>\n<p><strong>\u00ab Une \u00e9toile, un DESTIN \u00bb <\/strong> est un programme d&rsquo;aide \u00e0 la jeunesse, de lutte contre l\u2019\u00e9chec et le d\u00e9crochage scolaire cr\u00e9e et d\u00e9velopp\u00e9 par monsieur <strong>Nader Rekik<\/strong> avec la collaboration de toutes ses \u00e9quipes \u00e9ducatives et professorales. Une initiative appuy\u00e9e par le Minist\u00e8re de la F\u00e9d\u00e9ration Wallonie Bruxelles &#8211; Minist\u00e8re de la Culture et Minist\u00e8re de l&rsquo;Enseignement. Le programme b\u00e9n\u00e9ficie aussi, de la collaboration active de nombreuses municipalit\u00e9s de la R\u00e9gion de Bruxelles Capitale.<\/p>\n<p><strong>\u00ab Une \u00e9toile, un destin \u00bb est un dispositif de remotivation soci\u00e9tale destin\u00e9 \u00e0 booster les jeunes, leur redonner de l\u2019espoir et surtout l\u2019envie de se surpasser pour r\u00e9aliser tous leurs r\u00eaves de r\u00e9ussites. Dans ce cadre, plusieurs personnalit\u00e9s \u00e0 grande notori\u00e9t\u00e9 du monde de la Culture, des sciences, des sports ou du Show-Business, sont accueillies chaleureusement dans les quartiers des jeunes concern\u00e9s \u00e2g\u00e9s de 15 \u00e0 24 ans pour un moment intense de + &#8211; 2 heures \u00a0\u00bb Conf\u00e9rence- Echange et discussion constructive\u00a0\u00bb. <\/strong><\/p>\n<p><strong>Certaines personnalit\u00e9s reconnues pour leur talent ou engagement soci\u00e9tal marquent la vie des jeunes, elles disposent d\u2019une influence consid\u00e9rable sur les g\u00e9n\u00e9rations futures. Leur impact est tr\u00e8s positif et elles repr\u00e9sentent aux yeux de nombreux jeunes, une r\u00e9f\u00e9rence de vie de part leur r\u00f4le ou action \u00e0 l\u2019\u00e9chelle locale ou mondiale. La rencontre entre une personnalit\u00e9 connue (VIP) et des jeunes issus des quartiers d\u00e9favoris\u00e9s catalyse les envies de r\u00e9ussites et contribue \u00e0 influencer consid\u00e9rablement toute leur existence.<\/strong><\/p>\n<p>Gr\u00e2ce \u00e0 certaines rencontres \u2019\u2019 magiques\u2019\u2019, l&rsquo;ensemble des \u00e9quipes \u00e9ducatives et partenaires contribuent \u00e0 influencer positivement l\u2019avenir de beaucoup de jeunes issus de communaut\u00e9s \u00e9conomiquement et socialement fragilis\u00e9es. La majorit\u00e9 des jeunes participants au programme sont n\u00e9s en Belgique mais tr\u00e8s souvent originaires de minorit\u00e9s ethniques en provenance d\u2019Afrique du Nord (Maroc, Alg\u00e9rie), d\u2019Afrique centrale et de l\u2019est, d&rsquo;Am\u00e9rique du Sud ainsi que de certains pays d\u2019Europe de l\u2019est ou d\u2019ailleurs dans le monde. Au fil des multiples exp\u00e9riences et rencontres les jeunes adoptent une attitude compl\u00e8tement diff\u00e9rente face au travail scolaire. La valorisation des \u00e9l\u00e8ves par le biais de rencontres phares et d\u2019activit\u00e9s alternatives permet \u00e0 ceux-ci de mieux se rendre compte de l\u2019int\u00e9r\u00eat de l\u2019\u00e9cole, \u00e9tape incontournable de leur vie et terreau qui fera d\u2019eux les citoyens de demain<\/p>\n<p>De nombreuses personnalit\u00e9s sont invit\u00e9es \u00e0 \u00ab one Star, one DESTINY \u00bb. Des acteurs, \u00e9crivains, des chanteurs, des r\u00e9alisateurs, des femmes et hommes politiques, des journalistes c\u00e9l\u00e8bres etc.\u2026 Plusieurs personnalit\u00e9s au parcours impressionnant qui se sont d\u00e9plac\u00e9es dans les quartiers d\u00e9favoris\u00e9s pour \u00e9changer des moments forts et \u00e9mouvants grav\u00e9s pour l\u2019\u00e9ternit\u00e9 dans le c\u0153ur et l\u2019esprit de tous.<\/p>\n<p>Ce programme exclusif se distingue gr\u00e2ce \u00e0 une collaboration p\u00e9dagogique et technique avec de nombreuses directions scolaires. Les plus fortes sessions se d\u00e9roul\u00e8rent \u00e0 Molenbeek-Saint-Jean gr\u00e2ce \u00e0 la collaboration de Messieurs les Pr\u00e9fets Bernard Andries puis Pascal Hallemans. Nader Rekik a, avec tous ses collaborateurs,\u00a0d\u00e9velopp\u00e9 une expertise et dynamique de travail pour la gestion des cas de d\u00e9crochage et de d\u00e9motivation scolaire souvent synonymes d\u2019\u00e9chec social. Aujourd&rsquo;hui ce programme se poursuit avec succ\u00e8s en Belgique et dans d&rsquo; autres pays partenaires gr\u00e2ce la collaboration de nombreux \u00e9tablissements scolaires actifs en mati\u00e8re de lutte contre le d\u00e9crochage. L&rsquo;\u00e9quipe une \u00e9toile un Destin collabore aussi avec des organismes \u00a0associatifs phares en charge de la lutte contre l&rsquo;\u00e9chec et la lutte contre l&rsquo;exclusion sociale en R\u00e9gion de Bruxelles Capitale.\u00a0Avec la participation active de personnalit\u00e9s ext\u00e9rieures, l\u2019\u00e9quipe de \u00ab one star, one DESTINY \u00bb rem\u00e9die \u00e0 un fl\u00e9au consid\u00e9rable: <strong>l\u2019\u00e9chec scolaire et la d\u00e9motivation de la jeunesse.<\/strong><\/p>\n","protected":false},"excerpt":{"rendered":"<p>\u00ab Une \u00e9toile, un DESTIN \u00bb est un programme d&rsquo;aide \u00e0 la jeunesse, de lutte contre l\u2019\u00e9chec et le d\u00e9crochage scolaire cr\u00e9e et d\u00e9velopp\u00e9 par monsieur Nader Rekik avec la collaboration de toutes ses \u00e9quipes \u00e9ducatives et professorales. Une initiative &hellip;<\/p>\n","protected":false},"author":3,"featured_media":0,"parent":6,"menu_order":0,"comment_status":"open","ping_status":"open","template":"star-page.php","meta":{"footnotes":"","_links_to":"","_links_to_target":""},"class_list":["post-30","page","type-page","status-publish","hentry"],"_links":{"self":[{"href":"https:\/\/oird.org\/oird\/wp-json\/wp\/v2\/pages\/30","targetHints":{"allow":["GET"]}}],"collection":[{"href":"https:\/\/oird.org\/oird\/wp-json\/wp\/v2\/pages"}],"about":[{"href":"https:\/\/oird.org\/oird\/wp-json\/wp\/v2\/types\/page"}],"author":[{"embeddable":true,"href":"https:\/\/oird.org\/oird\/wp-json\/wp\/v2\/users\/3"}],"replies":[{"embeddable":true,"href":"https:\/\/oird.org\/oird\/wp-json\/wp\/v2\/comments?post=30"}],"version-history":[{"count":2,"href":"https:\/\/oird.org\/oird\/wp-json\/wp\/v2\/pages\/30\/revisions"}],"predecessor-version":[{"id":8404,"href":"https:\/\/oird.org\/oird\/wp-json\/wp\/v2\/pages\/30\/revisions\/8404"}],"up":[{"embeddable":true,"href":"https:\/\/oird.org\/oird\/wp-json\/wp\/v2\/pages\/6"}],"wp:attachment":[{"href":"https:\/\/oird.org\/oird\/wp-json\/wp\/v2\/media?parent=30"}],"curies":[{"name":"wp","href":"https:\/\/api.w.org\/{rel}","templated":true}]}}